{"id":4258,"date":"2023-11-24T08:54:53","date_gmt":"2023-11-24T08:54:53","guid":{"rendered":"https:\/\/drtejubaba.com\/?page_id=4258"},"modified":"2024-05-24T09:37:39","modified_gmt":"2024-05-24T09:37:39","slug":"blog-page","status":"publish","type":"page","link":"https:\/\/drtejubaba.com\/fr\/blog-page\/","title":{"rendered":"Blog"},"content":{"rendered":"<div data-elementor-type=\"wp-page\" data-elementor-id=\"4258\" class=\"elementor elementor-4258\" data-elementor-post-type=\"page\">\n\t\t\t\t<div class=\"elementor-element elementor-element-b976cd5 e-flex e-con-boxed e-con e-parent\" data-id=\"b976cd5\" data-element_type=\"container\" data-e-type=\"container\" data-settings=\"{&quot;background_background&quot;:&quot;classic&quot;}\">\n\t\t\t\t\t<div class=\"e-con-inner\">\n\t\t\t\t<div class=\"elementor-element elementor-element-475f94c elementor-invisible elementor-widget elementor-widget-heading\" data-id=\"475f94c\" data-element_type=\"widget\" data-e-type=\"widget\" data-settings=\"{&quot;_animation&quot;:&quot;fadeInUp&quot;}\" data-widget_type=\"heading.default\">\n\t\t\t\t<div class=\"elementor-widget-container\">\n\t\t\t\t\t<h2 class=\"elementor-heading-title elementor-size-default\">L\u2019avis de Ngobi<\/h2>\t\t\t\t<\/div>\n\t\t\t\t<\/div>\n\t\t\t\t<div class=\"elementor-element elementor-element-84e4a41 elementor-invisible elementor-widget elementor-widget-heading\" data-id=\"84e4a41\" data-element_type=\"widget\" data-e-type=\"widget\" data-settings=\"{&quot;_animation&quot;:&quot;fadeInRight&quot;}\" data-widget_type=\"heading.default\">\n\t\t\t\t<div class=\"elementor-widget-container\">\n\t\t\t\t\t<h2 class=\"elementor-heading-title elementor-size-default\">Conversations avec mon daron<\/h2>\t\t\t\t<\/div>\n\t\t\t\t<\/div>\n\t\t\t\t\t<\/div>\n\t\t\t\t<\/div>\n\t\t<div class=\"elementor-element elementor-element-d77a6b3 e-con-full e-flex e-con e-parent\" data-id=\"d77a6b3\" data-element_type=\"container\" data-e-type=\"container\" data-settings=\"{&quot;background_background&quot;:&quot;classic&quot;}\">\n\t\t\t\t<div class=\"elementor-element elementor-element-de30968 elementor-invisible elementor-widget elementor-widget-image\" data-id=\"de30968\" data-element_type=\"widget\" data-e-type=\"widget\" data-settings=\"{&quot;_animation&quot;:&quot;fadeInLeft&quot;}\" data-widget_type=\"image.default\">\n\t\t\t\t<div class=\"elementor-widget-container\">\n\t\t\t\t\t\t\t\t\t\t\t\t\t\t\t<img fetchpriority=\"high\" decoding=\"async\" width=\"1920\" height=\"1080\" src=\"https:\/\/drtejubaba.com\/wp-content\/uploads\/2023\/11\/Tree.jpg\" class=\"attachment-full size-full wp-image-4314\" alt=\"\" srcset=\"https:\/\/drtejubaba.com\/wp-content\/uploads\/2023\/11\/Tree.jpg 1920w, https:\/\/drtejubaba.com\/wp-content\/uploads\/2023\/11\/Tree-800x450.jpg 800w, https:\/\/drtejubaba.com\/wp-content\/uploads\/2023\/11\/Tree-300x169.jpg 300w, https:\/\/drtejubaba.com\/wp-content\/uploads\/2023\/11\/Tree-1024x576.jpg 1024w, https:\/\/drtejubaba.com\/wp-content\/uploads\/2023\/11\/Tree-768x432.jpg 768w, https:\/\/drtejubaba.com\/wp-content\/uploads\/2023\/11\/Tree-1536x864.jpg 1536w, https:\/\/drtejubaba.com\/wp-content\/uploads\/2023\/11\/Tree-1320x743.jpg 1320w\" sizes=\"(max-width: 1920px) 100vw, 1920px\" \/>\t\t\t\t\t\t\t\t\t\t\t\t\t\t\t<\/div>\n\t\t\t\t<\/div>\n\t\t\t\t<\/div>\n\t\t<div class=\"elementor-element elementor-element-902f721 e-flex e-con-boxed e-con e-parent\" data-id=\"902f721\" data-element_type=\"container\" data-e-type=\"container\" data-settings=\"{&quot;background_background&quot;:&quot;classic&quot;}\">\n\t\t\t\t\t<div class=\"e-con-inner\">\n\t\t\t\t<div class=\"elementor-element elementor-element-996037d premium-blog-align-left elementor-invisible elementor-widget elementor-widget-premium-addon-blog\" data-id=\"996037d\" data-element_type=\"widget\" data-e-type=\"widget\" data-settings=\"{&quot;premium_blog_columns_number&quot;:&quot;100%&quot;,&quot;_animation&quot;:&quot;fadeInUp&quot;,&quot;premium_blog_grid&quot;:&quot;yes&quot;,&quot;premium_blog_layout&quot;:&quot;even&quot;,&quot;premium_blog_columns_number_tablet&quot;:&quot;50%&quot;,&quot;premium_blog_columns_number_mobile&quot;:&quot;100%&quot;,&quot;scroll_to_offset&quot;:&quot;yes&quot;}\" data-widget_type=\"premium-addon-blog.default\">\n\t\t\t\t<div class=\"elementor-widget-container\">\n\t\t\t\t\t\n\t\t\n\n\t\t\t\t<div class=\"premium-blog-wrap  premium-blog-even\" data-page=\"4258\">\n\t\t\t\t\t\t\t\t\t<div class=\"premium-blog-post-outer-container\" data-total=\"1\">\n\t\t\t<div class=\"premium-blog-post-container premium-blog-skin-side\">\n\t\t\t\t\t\t\t\t\t<div class=\"premium-blog-thumb-effect-wrapper\">\n\t\t\t\t\t\t<div class=\"premium-blog-thumbnail-container premium-blog-zoomin-effect\">\n\t\t\t\t\t\t\t<img decoding=\"async\" width=\"424\" height=\"491\" src=\"https:\/\/drtejubaba.com\/wp-content\/uploads\/2024\/09\/Niamey.jpg\" class=\"attachment-full size-full wp-image-5933\" alt=\"\" srcset=\"https:\/\/drtejubaba.com\/wp-content\/uploads\/2024\/09\/Niamey.jpg 424w, https:\/\/drtejubaba.com\/wp-content\/uploads\/2024\/09\/Niamey-259x300.jpg 259w, https:\/\/drtejubaba.com\/wp-content\/uploads\/2024\/09\/Niamey-10x12.jpg 10w\" sizes=\"(max-width: 424px) 100vw, 424px\" \/>\t\t\t\t\t\t<\/div>\n\t\t\t\t\t\t\t\t\t\t\t\t\t<div class=\"premium-blog-thumbnail-overlay\">\n\t\t\t\t\t\t\t\t<a class=\"elementor-icon\" href=\"https:\/\/drtejubaba.com\/fr\/a-dream-is-dead-murdered-by-a-poet\/\" target=\"_self\"><\/a>\n\t\t\t\t\t\t\t<\/div>\n\n\t\t\t\t\t\t\t\t\t\t\t\t\t\t\t\t\t\t<\/div>\n\t\t\t\t\t\t\t\t\t\t\t\t<div class=\"premium-blog-content-wrapper\">\n\n\t\t\t\t\t<div class=\"premium-blog-inner-container\">\n\n\t\t\t\t\t\t\t\t\t\t\t\t\t<div class=\"premium-blog-cats-container\">\n\t\t\t\t\t\t\t\t<ul class=\"post-categories\">\n\t\t\t\t\t\t\t\t\t<li><a href=\"https:\/\/drtejubaba.com\/fr\/category\/blog\/\" class=\"elementor-repeater-item-de1a464\">Blog<\/a><\/li>\t\t\t\t\t\t\t\t<\/ul>\n\t\t\t\t\t\t\t<\/div>\n\t\t\t\t\t\t\t\t\t\t\t\t\t\t<h2 class=\"premium-blog-entry-title\">\n\t\t\t<a href=\"https:\/\/drtejubaba.com\/fr\/a-dream-is-dead-murdered-by-a-poet\/\" target=\"_self\">\n\t\t\t\tUn r\u00eave est mort, assassin\u00e9 par un po\u00e8te.\t\t\t<\/a>\n\t\t<\/h2>\n\t\t\t\t<div class=\"premium-blog-entry-meta\">\n\t\t\t\n\t\t\t\n\t\t\t\n\t\t\t\t\t<\/div>\n\t\t\n\t\t\t\t\t<\/div>\n\n\t\t\t\t\t\t\t<div class=\"premium-blog-content-inner-wrapper\">\n\t\t<p class=\"premium-blog-post-content\">Quittant aussit\u00f4t Paris, Omar Blondin Diop projette de lib\u00e9rer ses jeunes fr\u00e8res et camarades \u00e0 la suite d\u2019une formation \u00e0 la lutte arm\u00e9e. Avec plusieurs amis, il se rend ...<\/p>\t\t<\/div>\n\t\t\t\t\t\t\t\n\t\t\t\t<\/div>\n\t\t\t<\/div>\n\t\t<\/div>\n\n\t\t\t\t<div class=\"premium-blog-post-outer-container\" data-total=\"1\">\n\t\t\t<div class=\"premium-blog-post-container premium-blog-skin-side\">\n\t\t\t\t\t\t\t\t\t<div class=\"premium-blog-thumb-effect-wrapper\">\n\t\t\t\t\t\t<div class=\"premium-blog-thumbnail-container premium-blog-zoomin-effect\">\n\t\t\t\t\t\t\t<img decoding=\"async\" width=\"919\" height=\"791\" src=\"https:\/\/drtejubaba.com\/wp-content\/uploads\/2024\/08\/Omar-Bongo-and-his-mentor-Leon-M-ba.jpg\" class=\"attachment-full size-full wp-image-5928\" alt=\"\" srcset=\"https:\/\/drtejubaba.com\/wp-content\/uploads\/2024\/08\/Omar-Bongo-and-his-mentor-Leon-M-ba.jpg 919w, https:\/\/drtejubaba.com\/wp-content\/uploads\/2024\/08\/Omar-Bongo-and-his-mentor-Leon-M-ba-300x258.jpg 300w, https:\/\/drtejubaba.com\/wp-content\/uploads\/2024\/08\/Omar-Bongo-and-his-mentor-Leon-M-ba-768x661.jpg 768w, https:\/\/drtejubaba.com\/wp-content\/uploads\/2024\/08\/Omar-Bongo-and-his-mentor-Leon-M-ba-14x12.jpg 14w, https:\/\/drtejubaba.com\/wp-content\/uploads\/2024\/08\/Omar-Bongo-and-his-mentor-Leon-M-ba-800x689.jpg 800w\" sizes=\"(max-width: 919px) 100vw, 919px\" \/>\t\t\t\t\t\t<\/div>\n\t\t\t\t\t\t\t\t\t\t\t\t\t<div class=\"premium-blog-thumbnail-overlay\">\n\t\t\t\t\t\t\t\t<a class=\"elementor-icon\" href=\"https:\/\/drtejubaba.com\/fr\/1964-the-coup-that-indirectly-brought-thr-bongo-family-to-power-in-gabon\/\" target=\"_self\"><\/a>\n\t\t\t\t\t\t\t<\/div>\n\n\t\t\t\t\t\t\t\t\t\t\t\t\t\t\t\t\t\t<\/div>\n\t\t\t\t\t\t\t\t\t\t\t\t<div class=\"premium-blog-content-wrapper\">\n\n\t\t\t\t\t<div class=\"premium-blog-inner-container\">\n\n\t\t\t\t\t\t\t\t\t\t\t\t\t<div class=\"premium-blog-cats-container\">\n\t\t\t\t\t\t\t\t<ul class=\"post-categories\">\n\t\t\t\t\t\t\t\t\t<li><a href=\"https:\/\/drtejubaba.com\/fr\/category\/blog\/\" class=\"elementor-repeater-item-de1a464\">Blog<\/a><\/li>\t\t\t\t\t\t\t\t<\/ul>\n\t\t\t\t\t\t\t<\/div>\n\t\t\t\t\t\t\t\t\t\t\t\t\t\t<h2 class=\"premium-blog-entry-title\">\n\t\t\t<a href=\"https:\/\/drtejubaba.com\/fr\/1964-the-coup-that-indirectly-brought-thr-bongo-family-to-power-in-gabon\/\" target=\"_self\">\n\t\t\t\tF\u00e9vrier 1964\u00a0: le coup d\u2019\u00e9tat militaire qui a indirectement cr\u00e9\u00e9 la dynastie des Bongo au Gabon\t\t\t<\/a>\n\t\t<\/h2>\n\t\t\t\t<div class=\"premium-blog-entry-meta\">\n\t\t\t\n\t\t\t\n\t\t\t\n\t\t\t\t\t<\/div>\n\t\t\n\t\t\t\t\t<\/div>\n\n\t\t\t\t\t\t\t<div class=\"premium-blog-content-inner-wrapper\">\n\t\t<p class=\"premium-blog-post-content\">Le 30 ao\u00fbt 2024, le coup d\u2019\u00c9tat au Gabon f\u00eatera son premier anniversaire. Ce coup qui a finalement ...<\/p>\t\t<\/div>\n\t\t\t\t\t\t\t\n\t\t\t\t<\/div>\n\t\t\t<\/div>\n\t\t<\/div>\n\n\t\t\t\t<div class=\"premium-blog-post-outer-container\" data-total=\"1\">\n\t\t\t<div class=\"premium-blog-post-container premium-blog-skin-side\">\n\t\t\t\t\t\t\t\t\t<div class=\"premium-blog-thumb-effect-wrapper\">\n\t\t\t\t\t\t<div class=\"premium-blog-thumbnail-container premium-blog-zoomin-effect\">\n\t\t\t\t\t\t\t<img loading=\"lazy\" decoding=\"async\" width=\"1081\" height=\"779\" src=\"https:\/\/drtejubaba.com\/wp-content\/uploads\/2023\/12\/Bike.jpg\" class=\"attachment-full size-full wp-image-5610\" alt=\"\" srcset=\"https:\/\/drtejubaba.com\/wp-content\/uploads\/2023\/12\/Bike.jpg 1081w, https:\/\/drtejubaba.com\/wp-content\/uploads\/2023\/12\/Bike-300x216.jpg 300w, https:\/\/drtejubaba.com\/wp-content\/uploads\/2023\/12\/Bike-1024x738.jpg 1024w, https:\/\/drtejubaba.com\/wp-content\/uploads\/2023\/12\/Bike-768x553.jpg 768w, https:\/\/drtejubaba.com\/wp-content\/uploads\/2023\/12\/Bike-800x577.jpg 800w\" sizes=\"(max-width: 1081px) 100vw, 1081px\" \/>\t\t\t\t\t\t<\/div>\n\t\t\t\t\t\t\t\t\t\t\t\t\t<div class=\"premium-blog-thumbnail-overlay\">\n\t\t\t\t\t\t\t\t<a class=\"elementor-icon\" href=\"https:\/\/drtejubaba.com\/fr\/the-story-of-ngobi-s-take\/\" target=\"_self\"><\/a>\n\t\t\t\t\t\t\t<\/div>\n\n\t\t\t\t\t\t\t\t\t\t\t\t\t\t\t\t\t\t<\/div>\n\t\t\t\t\t\t\t\t\t\t\t\t<div class=\"premium-blog-content-wrapper\">\n\n\t\t\t\t\t<div class=\"premium-blog-inner-container\">\n\n\t\t\t\t\t\t\t\t\t\t\t\t\t<div class=\"premium-blog-cats-container\">\n\t\t\t\t\t\t\t\t<ul class=\"post-categories\">\n\t\t\t\t\t\t\t\t\t<li><a href=\"https:\/\/drtejubaba.com\/fr\/category\/blog\/\" class=\"elementor-repeater-item-de1a464\">Blog<\/a><\/li>\t\t\t\t\t\t\t\t<\/ul>\n\t\t\t\t\t\t\t<\/div>\n\t\t\t\t\t\t\t\t\t\t\t\t\t\t<h2 class=\"premium-blog-entry-title\">\n\t\t\t<a href=\"https:\/\/drtejubaba.com\/fr\/the-story-of-ngobi-s-take\/\" target=\"_self\">\n\t\t\t\tNGOBI, ou comment devenir un homme apr\u00e8s avoir \u00e9t\u00e9 un Prince\t\t\t<\/a>\n\t\t<\/h2>\n\t\t\t\t<div class=\"premium-blog-entry-meta\">\n\t\t\t\n\t\t\t\n\t\t\t\n\t\t\t\t\t<\/div>\n\t\t\n\t\t\t\t\t<\/div>\n\n\t\t\t\t\t\t\t<div class=\"premium-blog-content-inner-wrapper\">\n\t\t<p class=\"premium-blog-post-content\">Par une chaude matin\u00e9e de lundi de juin 1957, un professeur d'\u00e9cole primaire \u2013 appelons le Mr Pierre Ferry- dans une...<\/p>\t\t<\/div>\n\t\t\t\t\t\t\t\n\t\t\t\t<\/div>\n\t\t\t<\/div>\n\t\t<\/div>\n\n\t\t\t\t\t\t\t<\/div>\n\n\t\t\n\t\t\n\t\t\t\t\t\t<\/div>\n\t\t\t\t<\/div>\n\t\t\t\t\t<\/div>\n\t\t\t\t<\/div>\n\t\t<div class=\"elementor-element elementor-element-5c7289c e-flex e-con-boxed e-con e-parent\" data-id=\"5c7289c\" data-element_type=\"container\" data-e-type=\"container\" data-settings=\"{&quot;background_background&quot;:&quot;classic&quot;}\">\n\t\t\t\t\t<div class=\"e-con-inner\">\n\t\t\t\t<div class=\"elementor-element elementor-element-42b8453 elementor-widget-divider--view-line elementor-widget elementor-widget-divider\" data-id=\"42b8453\" data-element_type=\"widget\" data-e-type=\"widget\" data-widget_type=\"divider.default\">\n\t\t\t\t<div class=\"elementor-widget-container\">\n\t\t\t\t\t\t\t<div class=\"elementor-divider\">\n\t\t\t<span class=\"elementor-divider-separator\">\n\t\t\t\t\t\t<\/span>\n\t\t<\/div>\n\t\t\t\t\t\t<\/div>\n\t\t\t\t<\/div>\n\t\t\t\t\t<\/div>\n\t\t\t\t<\/div>\n\t\t\t\t<\/div>","protected":false},"excerpt":{"rendered":"<p>Ngobi\u2019s Take Conversations with my dad The current query has no posts. Please make sure you have published items matching your query.<\/p>","protected":false},"author":1,"featured_media":0,"parent":0,"menu_order":0,"comment_status":"closed","ping_status":"closed","template":"","meta":{"ocean_post_layout":"full-screen","ocean_both_sidebars_style":"","ocean_both_sidebars_content_width":0,"ocean_both_sidebars_sidebars_width":0,"ocean_sidebar":"0","ocean_second_sidebar":"0","ocean_disable_margins":"on","ocean_add_body_class":"","ocean_shortcode_before_top_bar":"","ocean_shortcode_after_top_bar":"","ocean_shortcode_before_header":"","ocean_shortcode_after_header":"","ocean_has_shortcode":"","ocean_shortcode_after_title":"","ocean_shortcode_before_footer_widgets":"","ocean_shortcode_after_footer_widgets":"","ocean_shortcode_before_footer_bottom":"","ocean_shortcode_after_footer_bottom":"","ocean_display_top_bar":"default","ocean_display_header":"default","ocean_header_style":"","ocean_center_header_left_menu":"0","ocean_custom_header_template":"0","ocean_custom_logo":0,"ocean_custom_retina_logo":0,"ocean_custom_logo_max_width":0,"ocean_custom_logo_tablet_max_width":0,"ocean_custom_logo_mobile_max_width":0,"ocean_custom_logo_max_height":0,"ocean_custom_logo_tablet_max_height":0,"ocean_custom_logo_mobile_max_height":0,"ocean_header_custom_menu":"0","ocean_menu_typo_font_family":"0","ocean_menu_typo_font_subset":"","ocean_menu_typo_font_size":0,"ocean_menu_typo_font_size_tablet":0,"ocean_menu_typo_font_size_mobile":0,"ocean_menu_typo_font_size_unit":"px","ocean_menu_typo_font_weight":"","ocean_menu_typo_font_weight_tablet":"","ocean_menu_typo_font_weight_mobile":"","ocean_menu_typo_transform":"","ocean_menu_typo_transform_tablet":"","ocean_menu_typo_transform_mobile":"","ocean_menu_typo_line_height":0,"ocean_menu_typo_line_height_tablet":0,"ocean_menu_typo_line_height_mobile":0,"ocean_menu_typo_line_height_unit":"","ocean_menu_typo_spacing":0,"ocean_menu_typo_spacing_tablet":0,"ocean_menu_typo_spacing_mobile":0,"ocean_menu_typo_spacing_unit":"","ocean_menu_link_color":"#4da6b3","ocean_menu_link_color_hover":"#ba742d","ocean_menu_link_color_active":"","ocean_menu_link_background":"","ocean_menu_link_hover_background":"","ocean_menu_link_active_background":"","ocean_menu_social_links_bg":"","ocean_menu_social_hover_links_bg":"","ocean_menu_social_links_color":"","ocean_menu_social_hover_links_color":"","ocean_disable_title":"on","ocean_disable_heading":"default","ocean_post_title":"","ocean_post_subheading":"","ocean_post_title_style":"","ocean_post_title_background_color":"","ocean_post_title_background":0,"ocean_post_title_bg_image_position":"","ocean_post_title_bg_image_attachment":"","ocean_post_title_bg_image_repeat":"","ocean_post_title_bg_image_size":"","ocean_post_title_height":0,"ocean_post_title_bg_overlay":0.5,"ocean_post_title_bg_overlay_color":"","ocean_disable_breadcrumbs":"default","ocean_breadcrumbs_color":"","ocean_breadcrumbs_separator_color":"","ocean_breadcrumbs_links_color":"","ocean_breadcrumbs_links_hover_color":"","ocean_display_footer_widgets":"default","ocean_display_footer_bottom":"default","ocean_custom_footer_template":"4337","footnotes":""},"class_list":["post-4258","page","type-page","status-publish","hentry","entry","has-media","owp-thumbs-layout-horizontal","owp-btn-normal","owp-tabs-layout-horizontal","has-no-thumbnails","has-product-nav"],"_links":{"self":[{"href":"https:\/\/drtejubaba.com\/fr\/wp-json\/wp\/v2\/pages\/4258","targetHints":{"allow":["GET"]}}],"collection":[{"href":"https:\/\/drtejubaba.com\/fr\/wp-json\/wp\/v2\/pages"}],"about":[{"href":"https:\/\/drtejubaba.com\/fr\/wp-json\/wp\/v2\/types\/page"}],"author":[{"embeddable":true,"href":"https:\/\/drtejubaba.com\/fr\/wp-json\/wp\/v2\/users\/1"}],"replies":[{"embeddable":true,"href":"https:\/\/drtejubaba.com\/fr\/wp-json\/wp\/v2\/comments?post=4258"}],"version-history":[{"count":90,"href":"https:\/\/drtejubaba.com\/fr\/wp-json\/wp\/v2\/pages\/4258\/revisions"}],"predecessor-version":[{"id":5773,"href":"https:\/\/drtejubaba.com\/fr\/wp-json\/wp\/v2\/pages\/4258\/revisions\/5773"}],"wp:attachment":[{"href":"https:\/\/drtejubaba.com\/fr\/wp-json\/wp\/v2\/media?parent=4258"}],"curies":[{"name":"wp","href":"https:\/\/api.w.org\/{rel}","templated":true}]}}